{"id":24,"date":"2015-01-31T14:15:31","date_gmt":"2015-01-31T14:15:31","guid":{"rendered":"http:\/\/vallo-media.de\/cms\/?page_id=24"},"modified":"2022-02-12T13:11:02","modified_gmt":"2022-02-12T12:11:02","slug":"dienste","status":"publish","type":"page","link":"http:\/\/vallo-media.de\/cms\/?page_id=24","title":{"rendered":"Dienste"},"content":{"rendered":"<p><strong>Nextcloud &#8211; Daten in eigener Hand.<\/strong><\/p>\n<p>Als Alternative zu den &#8222;Gro\u00dfen&#8220;. Die selbst gehostete Produktivit\u00e4tsplattform, mit der Sie die Kontrolle \u00fcber Ihre behalten.<br \/><br \/><\/p>\n<p><strong>osTicket &#8211; Step by step &#8230;<\/strong><\/p>\n<p><a href=\"https:\/\/vallo-media.de\/ticket\/\" target=\"_blank\" rel=\"noopener noreferrer\">https:\/\/vallo-media.de\/ticket\/<\/a><\/p>\n<p>OsTicket ist ein weit verbreitetes Open-Source-Support-Ticket-System. Es vereint nahtlos Anfragen, die per E-Mail, Telefon- oder \u00fcber Online-Formulare gestellt werden, in einer einfach zu handhabenden Web-basierten Oberfl\u00e4che.<\/p>\n<p>\u00a0<\/p>\n<p><strong>Roundcube &#8211; Der Webmailer<\/strong><\/p>\n<p>Roundcube ist eine freie Software f\u00fcr Webmail \u00fcber IMAP.\u00a0Roundcubes prominenteste Features sind die schlanke und moderne Benutzeroberfl\u00e4che und die ausgepr\u00e4gte Nutzung der Ajax-Technologie, die einen \u00e4hnlichen Bedienkomfort wie bei einer lokal installierten Anwendung erm\u00f6glicht.<\/p>\n\n\n<p><\/p>\n","protected":false},"excerpt":{"rendered":"<p>Nextcloud &#8211; Daten in eigener Hand. Als Alternative zu den &#8222;Gro\u00dfen&#8220;. Die selbst gehostete Produktivit\u00e4tsplattform, mit der Sie die Kontrolle \u00fcber Ihre behalten. osTicket &#8211; Step by step &#8230; https:\/\/vallo-media.de\/ticket\/ OsTicket ist ein weit verbreitetes Open-Source-Support-Ticket-System. Es vereint nahtlos Anfragen, die per E-Mail, Telefon- oder \u00fcber Online-Formulare gestellt werden, in einer einfach zu handhabenden Web-basierten &#8230; <a title=\"Dienste\" class=\"read-more\" href=\"http:\/\/vallo-media.de\/cms\/?page_id=24\" aria-label=\"Mehr dazu unter Dienste\">Weiterlesen<\/a><\/p>\n","protected":false},"author":1,"featured_media":0,"parent":0,"menu_order":0,"comment_status":"open","ping_status":"open","template":"","meta":{"footnotes":""},"class_list":["post-24","page","type-page","status-publish"],"_links":{"self":[{"href":"http:\/\/vallo-media.de\/cms\/index.php?rest_route=\/wp\/v2\/pages\/24","targetHints":{"allow":["GET"]}}],"collection":[{"href":"http:\/\/vallo-media.de\/cms\/index.php?rest_route=\/wp\/v2\/pages"}],"about":[{"href":"http:\/\/vallo-media.de\/cms\/index.php?rest_route=\/wp\/v2\/types\/page"}],"author":[{"embeddable":true,"href":"http:\/\/vallo-media.de\/cms\/index.php?rest_route=\/wp\/v2\/users\/1"}],"replies":[{"embeddable":true,"href":"http:\/\/vallo-media.de\/cms\/index.php?rest_route=%2Fwp%2Fv2%2Fcomments&post=24"}],"version-history":[{"count":13,"href":"http:\/\/vallo-media.de\/cms\/index.php?rest_route=\/wp\/v2\/pages\/24\/revisions"}],"predecessor-version":[{"id":429,"href":"http:\/\/vallo-media.de\/cms\/index.php?rest_route=\/wp\/v2\/pages\/24\/revisions\/429"}],"wp:attachment":[{"href":"http:\/\/vallo-media.de\/cms\/index.php?rest_route=%2Fwp%2Fv2%2Fmedia&parent=24"}],"curies":[{"name":"wp","href":"https:\/\/api.w.org\/{rel}","templated":true}]}}